{"id":186,"date":"2024-07-08T23:42:52","date_gmt":"2024-07-08T23:42:52","guid":{"rendered":"https:\/\/www.jurisprudencia.gob.sv\/ddj\/?page_id=186"},"modified":"2025-05-04T02:33:10","modified_gmt":"2025-05-04T02:33:10","slug":"contacto","status":"publish","type":"page","link":"https:\/\/www.jurisprudencia.gob.sv\/ddj\/contacto\/","title":{"rendered":"Contacto"},"content":{"rendered":"\n<div class=\"wp-block-cover alignfull\" style=\"min-height:379px;aspect-ratio:unset;\"><span aria-hidden=\"true\" class=\"wp-block-cover__background has-background-dim-60 has-background-dim\" style=\"background-color:#565960\"><\/span><img loading=\"lazy\" decoding=\"async\" width=\"1874\" height=\"914\" class=\"wp-block-cover__image-background wp-image-36\" alt=\"\" src=\"https:\/\/www.jurisprudencia.gob.sv\/ddj\/wp-content\/uploads\/2024\/07\/IMG_6291V2-01-2.png\" data-object-fit=\"cover\" srcset=\"https:\/\/www.jurisprudencia.gob.sv\/ddj\/wp-content\/uploads\/2024\/07\/IMG_6291V2-01-2.png 1874w, https:\/\/www.jurisprudencia.gob.sv\/ddj\/wp-content\/uploads\/2024\/07\/IMG_6291V2-01-2-300x146.png 300w, https:\/\/www.jurisprudencia.gob.sv\/ddj\/wp-content\/uploads\/2024\/07\/IMG_6291V2-01-2-1024x499.png 1024w, https:\/\/www.jurisprudencia.gob.sv\/ddj\/wp-content\/uploads\/2024\/07\/IMG_6291V2-01-2-768x375.png 768w, https:\/\/www.jurisprudencia.gob.sv\/ddj\/wp-content\/uploads\/2024\/07\/IMG_6291V2-01-2-1536x749.png 1536w\" sizes=\"(max-width: 1874px) 100vw, 1874px\" \/><div class=\"wp-block-cover__inner-container is-layout-flow wp-block-cover-is-layout-flow\">\n<h2 class=\"wp-block-heading alignwide has-text-align-center has-text-color\" style=\"color:#ffe074;font-size:64px\">P\u00f3ngase en contacto con nosotros<\/h2>\n<\/div><\/div>\n\n\n\n<hr class=\"wp-block-separator has-alpha-channel-opacity\"\/>\n\n\n\n<p class=\"has-text-align-center\"><strong>Puedes hacernos tus consultas por los medios correspondientes que a continuaci\u00f3n presentamos, recuerda que estamos para atender tus dudas.<\/strong><\/p>\n\n\n\n<figure class=\"table\">\n    <table class=\"ck-table-resized\">\n        <tbody>\n            <tr>\n                <td><center><picture>\n                        <img loading=\"lazy\" decoding=\"async\" src=\"https:\/\/www.jurisprudencia.gob.sv\/ddj\/wp-content\/uploads\/2024\/07\/mail-01.png\" width=\"150\" height=\"150\">    \n                        <\/picture><\/center><\/td>\n                <td>&nbsp;<\/td>\n                <td><center><picture>\n                        <img loading=\"lazy\" decoding=\"async\" src=\"https:\/\/www.jurisprudencia.gob.sv\/ddj\/wp-content\/uploads\/2024\/07\/telefono-04.png\" width=\"150\" height=\"150\">    \n                        <\/picture><\/center><\/td>\n                <td>&nbsp;<\/td>\n\n                <td><center><picture>\n                            <img loading=\"lazy\" decoding=\"async\" src=\"https:\/\/www.jurisprudencia.gob.sv\/ddj\/wp-content\/uploads\/2024\/07\/whatssap-02.png\" width=\"150\" height=\"150\">\n                        <\/picture><\/center><\/td>\n            <\/tr>\n            <tr>\n                <td>\n                    <p style=\"text-align:center;\"><strong>CORREO ELECTR\u00d3NICO<\/strong><\/p>\n                    <p style=\"text-align:center;\"><strong><a href=\"mailto:centrodedocumentacionjudicial@oj.gob.sv?Subject=Consulta\">centrodedocumentacionjudicial@oj.gob.sv<\/a><\/strong><\/p>\n                <\/td>\n                <td>&nbsp;<\/td>\n                <td>\n                    <p style=\"text-align:center;\"><strong>TEL\u00c9FONO<\/strong><\/p>\n                    <p style=\"text-align:center;\"><strong>+503 2231-8330 ext: 3120 o 3103 FAX: +503 2231-8331<\/strong><\/p>\n                <\/td>\n                <td>&nbsp;<\/td>\n                <td>\n                    <p style=\"text-align:center;\"><strong>WHATSAPP<\/strong><\/p>\n                    <p style=\"text-align:center;\"><strong><a href=\"https:\/\/wa.me\/50369291647?text=Consulta\">+5036929-1647<\/a><\/strong><\/p>\n                <\/td>\n            <\/tr>\n        <\/tbody>\n    <\/table>\n<\/figure>\n\n\n\n<h3 class=\"wp-block-heading has-text-align-left has-neve-text-color-color has-text-color\">.:: <strong>Mapa de ubicaci\u00f3n<\/strong> ::.<\/h3>\n\n\n\n<div class=\"wp-block-cover\"><span aria-hidden=\"true\" class=\"wp-block-cover__background has-neve-link-color-background-color has-background-dim-100 has-background-dim\"><\/span><div class=\"wp-block-cover__inner-container is-layout-constrained wp-block-cover-is-layout-constrained\">\n<center><iframe src=\"https:\/\/www.google.com\/maps\/embed?pb=!1m18!1m12!1m3!1d3876.2011288071503!2d-89.2008502264176!3d13.706265098349178!2m3!1f0!2f0!3f0!3m2!1i1024!2i768!4f13.1!3m3!1m2!1s0x8f63309296aaee51%3A0x86346fd6bb939c5e!2sCorte%20Suprema%20de%20Justicia!5e0!3m2!1ses!2ssv!4v1721667151543!5m2!1ses!2ssv\" width=\"900\" height=\"450\" style=\"border:0;\" allowfullscreen=\"\" loading=\"lazy\" referrerpolicy=\"no-referrer-when-downgrade\"><\/iframe><\/center>\n<\/div><\/div>\n\n\n\n<div class=\"wp-block-cover alignfull is-light\" style=\"min-height:200px;aspect-ratio:unset;\"><span aria-hidden=\"true\" class=\"wp-block-cover__background has-nv-light-bg-background-color has-background-dim-100 has-background-dim\"><\/span><div class=\"wp-block-cover__inner-container is-layout-flow wp-block-cover-is-layout-flow\">\n<hr class=\"wp-block-separator has-alpha-channel-opacity\"\/>\n\n\n\n<h2 class=\"wp-block-heading has-text-align-center has-neve-text-color-color has-text-color\">Preguntas frecuentes<\/h2>\n\n\n\n<div class=\"wp-block-columns are-vertically-aligned-top is-layout-flex wp-container-core-columns-is-layout-1 wp-block-columns-is-layout-flex\">\n<div class=\"wp-block-column is-vertically-aligned-top is-layout-flow wp-block-column-is-layout-flow\"><div class=\"wp-block-image\">\n<figure class=\"aligncenter size-full is-resized\"><img loading=\"lazy\" decoding=\"async\" width=\"512\" height=\"512\" src=\"https:\/\/www.jurisprudencia.gob.sv\/ddj\/wp-content\/uploads\/2024\/07\/calendario.png\" alt=\"\" class=\"wp-image-283\" style=\"width:68px;height:auto\" srcset=\"https:\/\/www.jurisprudencia.gob.sv\/ddj\/wp-content\/uploads\/2024\/07\/calendario.png 512w, https:\/\/www.jurisprudencia.gob.sv\/ddj\/wp-content\/uploads\/2024\/07\/calendario-300x300.png 300w, https:\/\/www.jurisprudencia.gob.sv\/ddj\/wp-content\/uploads\/2024\/07\/calendario-150x150.png 150w\" sizes=\"(max-width: 512px) 100vw, 512px\" \/><\/figure><\/div>\n\n\n<h3 class=\"wp-block-heading alignwide has-text-align-center has-neve-text-color-color has-text-color\">\u00bfCu\u00e1l es el horario de atenci\u00f3n?<\/h3>\n\n\n\n<p class=\"has-text-align-center has-neve-text-color-color has-text-color\"><strong>De lunes a viernes de 8:00 am a 1:00 p.m. y de 2:00 a 4:00 p.m.<\/strong><\/p>\n<\/div>\n\n\n\n<div class=\"wp-block-column is-vertically-aligned-top is-layout-flow wp-block-column-is-layout-flow\"><div class=\"wp-block-image\">\n<figure class=\"aligncenter size-full is-resized\"><img loading=\"lazy\" decoding=\"async\" width=\"512\" height=\"512\" src=\"https:\/\/www.jurisprudencia.gob.sv\/ddj\/wp-content\/uploads\/2024\/07\/sin-dinero.png\" alt=\"\" class=\"wp-image-284\" style=\"width:63px;height:auto\" srcset=\"https:\/\/www.jurisprudencia.gob.sv\/ddj\/wp-content\/uploads\/2024\/07\/sin-dinero.png 512w, https:\/\/www.jurisprudencia.gob.sv\/ddj\/wp-content\/uploads\/2024\/07\/sin-dinero-300x300.png 300w, https:\/\/www.jurisprudencia.gob.sv\/ddj\/wp-content\/uploads\/2024\/07\/sin-dinero-150x150.png 150w\" sizes=\"(max-width: 512px) 100vw, 512px\" \/><\/figure><\/div>\n\n\n<h3 class=\"wp-block-heading has-text-align-center has-neve-text-color-color has-text-color\">\u00bfNuestros servicios tienen alg\u00fan costo?<\/h3>\n\n\n\n<p class=\"has-text-align-center has-neve-text-color-color has-text-color\"><strong>No existe ning\u00fan costo.<\/strong><\/p>\n<\/div>\n<\/div>\n<\/div><\/div>\n\n\n\n<p><\/p>\n","protected":false},"excerpt":{"rendered":"<p>Puedes hacernos tus consultas por los medios correspondientes que a continuaci\u00f3n presentamos, recuerda que estamos para atender tus dudas. &nbsp; &nbsp; CORREO ELECTR\u00d3NICO centrodedocumentacionjudicial@oj.gob.sv &nbsp; TEL\u00c9FONO +503 2231-8330 ext: 3120 o 3103 FAX: +503 2231-8331 &nbsp; WHATSAPP +5036929-1647 .:: Mapa de ubicaci\u00f3n ::.<\/p>\n","protected":false},"author":1,"featured_media":0,"parent":0,"menu_order":0,"comment_status":"closed","ping_status":"closed","template":"","meta":{"neve_meta_sidebar":"full-width","neve_meta_container":"contained","neve_meta_enable_content_width":"on","neve_meta_content_width":100,"neve_meta_title_alignment":"","neve_meta_author_avatar":"","neve_post_elements_order":"","neve_meta_disable_header":"","neve_meta_disable_footer":"","neve_meta_disable_title":"on","_themeisle_gutenberg_block_has_review":false,"_ti_tpc_template_sync":false,"_ti_tpc_template_id":"","footnotes":""},"_links":{"self":[{"href":"https:\/\/www.jurisprudencia.gob.sv\/ddj\/wp-json\/wp\/v2\/pages\/186"}],"collection":[{"href":"https:\/\/www.jurisprudencia.gob.sv\/ddj\/wp-json\/wp\/v2\/pages"}],"about":[{"href":"https:\/\/www.jurisprudencia.gob.sv\/ddj\/wp-json\/wp\/v2\/types\/page"}],"author":[{"embeddable":true,"href":"https:\/\/www.jurisprudencia.gob.sv\/ddj\/wp-json\/wp\/v2\/users\/1"}],"replies":[{"embeddable":true,"href":"https:\/\/www.jurisprudencia.gob.sv\/ddj\/wp-json\/wp\/v2\/comments?post=186"}],"version-history":[{"count":31,"href":"https:\/\/www.jurisprudencia.gob.sv\/ddj\/wp-json\/wp\/v2\/pages\/186\/revisions"}],"predecessor-version":[{"id":861,"href":"https:\/\/www.jurisprudencia.gob.sv\/ddj\/wp-json\/wp\/v2\/pages\/186\/revisions\/861"}],"wp:attachment":[{"href":"https:\/\/www.jurisprudencia.gob.sv\/ddj\/wp-json\/wp\/v2\/media?parent=186"}],"curies":[{"name":"wp","href":"https:\/\/api.w.org\/{rel}","templated":true}]}}