{"id":178,"date":"2024-07-08T23:42:52","date_gmt":"2024-07-08T23:42:52","guid":{"rendered":"https:\/\/www.jurisprudencia.gob.sv\/ddj\/?page_id=178"},"modified":"2024-07-30T16:48:30","modified_gmt":"2024-07-30T16:48:30","slug":"sobre-nosotros","status":"publish","type":"page","link":"https:\/\/www.jurisprudencia.gob.sv\/ddj\/sobre-nosotros\/","title":{"rendered":"Sobre Nosotros"},"content":{"rendered":"\n<div class=\"wp-block-cover alignfull\" style=\"min-height:400px;aspect-ratio:unset;\"><span aria-hidden=\"true\" class=\"wp-block-cover__background has-background-dim\" style=\"background-color:#565960\"><\/span><img loading=\"lazy\" decoding=\"async\" width=\"1874\" height=\"914\" class=\"wp-block-cover__image-background wp-image-36\" alt=\"\" src=\"https:\/\/www.jurisprudencia.gob.sv\/ddj\/wp-content\/uploads\/2024\/07\/IMG_6291V2-01-2.png\" data-object-fit=\"cover\" srcset=\"https:\/\/www.jurisprudencia.gob.sv\/ddj\/wp-content\/uploads\/2024\/07\/IMG_6291V2-01-2.png 1874w, https:\/\/www.jurisprudencia.gob.sv\/ddj\/wp-content\/uploads\/2024\/07\/IMG_6291V2-01-2-300x146.png 300w, https:\/\/www.jurisprudencia.gob.sv\/ddj\/wp-content\/uploads\/2024\/07\/IMG_6291V2-01-2-1024x499.png 1024w, https:\/\/www.jurisprudencia.gob.sv\/ddj\/wp-content\/uploads\/2024\/07\/IMG_6291V2-01-2-768x375.png 768w, https:\/\/www.jurisprudencia.gob.sv\/ddj\/wp-content\/uploads\/2024\/07\/IMG_6291V2-01-2-1536x749.png 1536w\" sizes=\"(max-width: 1874px) 100vw, 1874px\" \/><div class=\"wp-block-cover__inner-container is-layout-flow wp-block-cover-is-layout-flow\">\n<div style=\"height:80px\" aria-hidden=\"true\" class=\"wp-block-spacer\"><\/div>\n\n\n\n<h1 class=\"wp-block-heading has-text-align-center has-nv-text-dark-bg-color has-text-color\">Sobre nosotros<\/h1>\n<\/div><\/div>\n\n\n\n<div style=\"height:23px\" aria-hidden=\"true\" class=\"wp-block-spacer\"><\/div>\n\n\n\n<h6 class=\"wp-block-heading has-text-align-center\">Centro de Jurisprudencia, creado por Acuerdo N\u00ba 724 de esta Corte, de fecha veintisiete de noviembre de mil novecientos&nbsp;noventa&nbsp;y&nbsp;siete<\/h6>\n\n\n\n<h2 class=\"wp-block-heading has-text-align-center has-neve-text-color-color has-text-color\">Nuestra finalidad<\/h2>\n\n\n\n<p class=\"has-text-align-center has-neve-text-color-color has-text-color\">El Departamento de Documentaci\u00f3n Judicial (DDJ) tiene como fin primordial facilitar el acceso de los funcionarios y empleados del \u00d3rgano Judicial, de la comunidad jur\u00eddica y de ciudadanos en general, a la informaci\u00f3n jurisprudencial emitida por la Corte Plena, Salas de la Corte Suprema de Justicia, C\u00e1maras , Tribunales de Sentencia y Juzgado\u200bs\u200b; as\u00ed como a los Decretos y Acuerdos Ejecutivos, Decretos Legislativos, Ordenanzas Municipales y Reglamentos, luego de que \u00e9stos han sido publicados en el&nbsp;Diario&nbsp;Oficial.<\/p>\n\n\n\n<hr class=\"wp-block-separator has-text-color has-neve-text-color-color has-css-opacity has-neve-text-color-background-color has-background is-style-wide\"\/>\n\n\n\n<h2 class=\"wp-block-heading has-text-align-center has-neve-text-color-color has-text-color\">Servicios<\/h2>\n\n\n\n<div class=\"wp-block-columns is-layout-flex wp-container-core-columns-is-layout-1 wp-block-columns-is-layout-flex\">\n<div class=\"wp-block-column is-vertically-aligned-center is-layout-flow wp-block-column-is-layout-flow\"><div class=\"wp-block-image is-style-default\">\n<figure class=\"aligncenter size-large is-resized\"><img loading=\"lazy\" decoding=\"async\" width=\"683\" height=\"1024\" src=\"https:\/\/www.jurisprudencia.gob.sv\/ddj\/wp-content\/uploads\/2024\/07\/3590-683x1024.jpg\" alt=\"\" class=\"wp-image-430\" style=\"width:241px;height:auto\" srcset=\"https:\/\/www.jurisprudencia.gob.sv\/ddj\/wp-content\/uploads\/2024\/07\/3590-683x1024.jpg 683w, https:\/\/www.jurisprudencia.gob.sv\/ddj\/wp-content\/uploads\/2024\/07\/3590-200x300.jpg 200w, https:\/\/www.jurisprudencia.gob.sv\/ddj\/wp-content\/uploads\/2024\/07\/3590-768x1152.jpg 768w, https:\/\/www.jurisprudencia.gob.sv\/ddj\/wp-content\/uploads\/2024\/07\/3590.jpg 1000w\" sizes=\"(max-width: 683px) 100vw, 683px\" \/><\/figure><\/div>\n\n\n<p><\/p>\n\n\n\n<h3 class=\"wp-block-heading has-text-align-center has-neve-text-color-color has-text-color\">Atenci\u00f3n a usuarios<\/h3>\n\n\n\n<p class=\"has-text-align-center\">Ofrecemos apoyo a los usuarios por consultas acerca de Jurisprudencia, Legislaci\u00f3n,<br>Instrumentos Internacionales y Doctrina.<\/p>\n<\/div>\n\n\n\n<div class=\"wp-block-column is-vertically-aligned-center is-layout-flow wp-block-column-is-layout-flow\"><div class=\"wp-block-image is-style-default\">\n<figure class=\"aligncenter size-full is-resized\"><img loading=\"lazy\" decoding=\"async\" width=\"688\" height=\"1001\" src=\"https:\/\/www.jurisprudencia.gob.sv\/ddj\/wp-content\/uploads\/2024\/07\/12325505_4955939_Mesa-de-trabajo-1.png\" alt=\"\" class=\"wp-image-429\" style=\"width:238px;height:auto\" srcset=\"https:\/\/www.jurisprudencia.gob.sv\/ddj\/wp-content\/uploads\/2024\/07\/12325505_4955939_Mesa-de-trabajo-1.png 688w, https:\/\/www.jurisprudencia.gob.sv\/ddj\/wp-content\/uploads\/2024\/07\/12325505_4955939_Mesa-de-trabajo-1-206x300.png 206w\" sizes=\"(max-width: 688px) 100vw, 688px\" \/><\/figure><\/div>\n\n\n<p><\/p>\n\n\n\n<h3 class=\"wp-block-heading has-text-align-center has-neve-text-color-color has-text-color\">Distribuci\u00f3n de Jurisprudencia y Legislaci\u00f3n<\/h3>\n\n\n\n<p class=\"has-text-align-center\">Facilitamos las bases de datos de Jurisprudencia y Legislaci\u00f3n para todos nuestros<br>usuarios.<\/p>\n<\/div>\n\n\n\n<div class=\"wp-block-column is-vertically-aligned-center is-layout-flow wp-block-column-is-layout-flow\"><div class=\"wp-block-image is-style-default\">\n<figure class=\"aligncenter size-large is-resized\"><img loading=\"lazy\" decoding=\"async\" width=\"683\" height=\"1024\" src=\"https:\/\/www.jurisprudencia.gob.sv\/ddj\/wp-content\/uploads\/2024\/07\/2149240371-683x1024.jpg\" alt=\"\" class=\"wp-image-427\" style=\"width:235px;height:auto\" srcset=\"https:\/\/www.jurisprudencia.gob.sv\/ddj\/wp-content\/uploads\/2024\/07\/2149240371-683x1024.jpg 683w, https:\/\/www.jurisprudencia.gob.sv\/ddj\/wp-content\/uploads\/2024\/07\/2149240371-200x300.jpg 200w, https:\/\/www.jurisprudencia.gob.sv\/ddj\/wp-content\/uploads\/2024\/07\/2149240371-768x1152.jpg 768w, https:\/\/www.jurisprudencia.gob.sv\/ddj\/wp-content\/uploads\/2024\/07\/2149240371.jpg 1000w\" sizes=\"(max-width: 683px) 100vw, 683px\" \/><\/figure><\/div>\n\n\n<p><\/p>\n\n\n\n<h3 class=\"wp-block-heading has-text-align-center has-neve-text-color-color has-text-color\">Otras publicaciones<\/h3>\n\n\n\n<p class=\"has-text-align-center has-neve-text-color-color has-text-color\">El DDJ pone a disposici\u00f3n Revistas de L\u00edneas y Criterios Jurisprudenciales, en formato&nbsp;digital.<\/p>\n<\/div>\n\n\n\n<div class=\"wp-block-column is-vertically-aligned-center is-layout-flow wp-block-column-is-layout-flow\"><div class=\"wp-block-image is-style-default\">\n<figure class=\"aligncenter size-full is-resized\"><img loading=\"lazy\" decoding=\"async\" width=\"1000\" height=\"1500\" src=\"https:\/\/www.jurisprudencia.gob.sv\/ddj\/wp-content\/uploads\/2024\/07\/3580.jpg\" alt=\"\" class=\"wp-image-426\" style=\"width:231px;height:auto\" srcset=\"https:\/\/www.jurisprudencia.gob.sv\/ddj\/wp-content\/uploads\/2024\/07\/3580.jpg 1000w, https:\/\/www.jurisprudencia.gob.sv\/ddj\/wp-content\/uploads\/2024\/07\/3580-200x300.jpg 200w, https:\/\/www.jurisprudencia.gob.sv\/ddj\/wp-content\/uploads\/2024\/07\/3580-683x1024.jpg 683w, https:\/\/www.jurisprudencia.gob.sv\/ddj\/wp-content\/uploads\/2024\/07\/3580-768x1152.jpg 768w\" sizes=\"(max-width: 1000px) 100vw, 1000px\" \/><\/figure><\/div>\n\n\n<p><\/p>\n\n\n\n<h3 class=\"wp-block-heading has-text-align-center has-neve-text-color-color has-text-color\">Capacitaci\u00f3n<\/h3>\n\n\n\n<p class=\"has-text-align-center has-neve-text-color-color has-text-color\">Brindamos capacitaci\u00f3n sobre el uso del portal web para la busqueda de la informaci\u00f3n<\/p>\n\n\n\n<p class=\"has-text-align-center has-neve-text-color-color has-text-color\">.<\/p>\n<\/div>\n<\/div>\n\n\n\n<div class=\"wp-block-cover alignfull is-light\" style=\"min-height:50px;aspect-ratio:unset;\"><span aria-hidden=\"true\" class=\"wp-block-cover__background has-nv-dark-bg-background-color has-background-dim-100 has-background-dim\"><\/span><div class=\"wp-block-cover__inner-container is-layout-flow wp-block-cover-is-layout-flow\">\n<p class=\"has-text-align-center has-large-font-size\"><\/p>\n<\/div><\/div>\n","protected":false},"excerpt":{"rendered":"<p>Centro de Jurisprudencia, creado por Acuerdo N\u00ba 724 de esta Corte, de fecha veintisiete de noviembre de mil novecientos&nbsp;noventa&nbsp;y&nbsp;siete Nuestra finalidad El Departamento de Documentaci\u00f3n Judicial (DDJ) tiene como fin primordial facilitar el acceso de los funcionarios y empleados del \u00d3rgano Judicial, de la comunidad jur\u00eddica y de ciudadanos en general, a la informaci\u00f3n jurisprudencial&hellip;&nbsp;<a href=\"https:\/\/www.jurisprudencia.gob.sv\/ddj\/sobre-nosotros\/\" class=\"\" rel=\"bookmark\">Read More &raquo;<span class=\"screen-reader-text\">Sobre Nosotros<\/span><\/a><\/p>\n","protected":false},"author":1,"featured_media":0,"parent":0,"menu_order":0,"comment_status":"closed","ping_status":"closed","template":"","meta":{"neve_meta_sidebar":"full-width","neve_meta_container":"contained","neve_meta_enable_content_width":"on","neve_meta_content_width":100,"neve_meta_title_alignment":"","neve_meta_author_avatar":"","neve_post_elements_order":"","neve_meta_disable_header":"","neve_meta_disable_footer":"","neve_meta_disable_title":"on","_themeisle_gutenberg_block_has_review":false,"_ti_tpc_template_sync":false,"_ti_tpc_template_id":"","footnotes":""},"_links":{"self":[{"href":"https:\/\/www.jurisprudencia.gob.sv\/ddj\/wp-json\/wp\/v2\/pages\/178"}],"collection":[{"href":"https:\/\/www.jurisprudencia.gob.sv\/ddj\/wp-json\/wp\/v2\/pages"}],"about":[{"href":"https:\/\/www.jurisprudencia.gob.sv\/ddj\/wp-json\/wp\/v2\/types\/page"}],"author":[{"embeddable":true,"href":"https:\/\/www.jurisprudencia.gob.sv\/ddj\/wp-json\/wp\/v2\/users\/1"}],"replies":[{"embeddable":true,"href":"https:\/\/www.jurisprudencia.gob.sv\/ddj\/wp-json\/wp\/v2\/comments?post=178"}],"version-history":[{"count":7,"href":"https:\/\/www.jurisprudencia.gob.sv\/ddj\/wp-json\/wp\/v2\/pages\/178\/revisions"}],"predecessor-version":[{"id":455,"href":"https:\/\/www.jurisprudencia.gob.sv\/ddj\/wp-json\/wp\/v2\/pages\/178\/revisions\/455"}],"wp:attachment":[{"href":"https:\/\/www.jurisprudencia.gob.sv\/ddj\/wp-json\/wp\/v2\/media?parent=178"}],"curies":[{"name":"wp","href":"https:\/\/api.w.org\/{rel}","templated":true}]}}